{"id":5,"date":"2011-07-14T10:43:11","date_gmt":"2011-07-14T08:43:11","guid":{"rendered":"http:\/\/wp10665578.wp062.webpack.hosteurope.de\/?page_id=5"},"modified":"2025-11-27T16:29:34","modified_gmt":"2025-11-27T15:29:34","slug":"about-me","status":"publish","type":"page","link":"http:\/\/brittawuerzburg.de\/?page_id=5","title":{"rendered":"\u00dcber mich"},"content":{"rendered":"\n<p><\/p>\n\n\n\n<p><\/p>\n\n\n\n<p><img loading=\"lazy\" decoding=\"async\" width=\"150\" height=\"200\" class=\"wp-image-1228\" style=\"width: 150px;\" src=\"http:\/\/brittawuerzburg.de\/wp-content\/uploads\/2020\/08\/IMG_3135-scaled.jpg\" alt=\"\" srcset=\"http:\/\/brittawuerzburg.de\/wp-content\/uploads\/2020\/08\/IMG_3135-scaled.jpg 1920w, http:\/\/brittawuerzburg.de\/wp-content\/uploads\/2020\/08\/IMG_3135-225x300.jpg 225w, http:\/\/brittawuerzburg.de\/wp-content\/uploads\/2020\/08\/IMG_3135-768x1024.jpg 768w, http:\/\/brittawuerzburg.de\/wp-content\/uploads\/2020\/08\/IMG_3135-1152x1536.jpg 1152w, http:\/\/brittawuerzburg.de\/wp-content\/uploads\/2020\/08\/IMG_3135-1536x2048.jpg 1536w, http:\/\/brittawuerzburg.de\/wp-content\/uploads\/2020\/08\/IMG_3135-960x1280.jpg 960w\" sizes=\"auto, (max-width: 150px) 100vw, 150px\" \/><\/p>\n\n\n\n<p>Ich bin Fotografin mit Schwerpunkt Portr\u00e4t- und dokumentarische Fotografie. Nach meinem Studium der Fotografie an der FH Dortmund (B.A. 2013) arbeite ich seit \u00fcber zehn Jahren hauptberuflich in der fotografischen Praxis \u2013 sowohl freiberuflich als auch als Projektleiterin Fotografie bei der Omnicom Media Group, bei der ich den Bereich Fotografie f\u00fcr mehrere Agenturen aufgebaut habe.<\/p>\n\n\n\n<p>Meine fotografische Arbeit bewegt sich an der Schnittstelle von konzeptionellem Denken und technischer Umsetzung. Im Zentrum steht f\u00fcr mich die Frage: Wie k\u00f6nnen Bilder Menschen authentisch zeigen und gleichzeitig visuelle Narrative entwickeln, die \u00fcber das rein Abbildende hinausgehen?<\/p>\n\n\n\n<p><strong>Fotografische Haltung<\/strong><\/p>\n\n\n\n<p>Portr\u00e4tfotografie verstehe ich als Dialog \u2013 zwischen Fotograf*in und Protagonist*in, zwischen Bildidee und Realit\u00e4t, zwischen Nat\u00fcrlichkeit und einem Hauch von Inszenierung. Ich entwickle gern grunds\u00e4tzliche Bildideen, verlasse mich aber zus\u00e4tzlich gern auf meine Intuition und auf besondere Momente und Augenblicke, die beim Fotografieren entstehen. <\/p>\n\n\n\n<p>In meiner dokumentarischen Arbeit interessiert mich die Verdichtung von Momenten zu Bildern, die \u00fcber das Sichtbare hinaus Bedeutung transportieren. Dokumentarische Fotografie bedeutet f\u00fcr mich nicht nur abzubilden, sondern zu interpretieren und visuell zu \u00fcbersetzen.<\/p>\n\n\n\n<p>Meine Portraits wurden unter anderem in den Fachmedien Horizont und W&amp;V ver\u00f6ffentlicht.<\/p>\n\n\n\n<p><strong>Aktuelle Schwerpunkte<\/strong><\/p>\n\n\n\n<p>Ein zentrales Thema meiner gegenw\u00e4rtigen Arbeit ist die kritische Auseinandersetzung mit KI-gest\u00fctzter Bildgenerierung. Welche M\u00f6glichkeiten er\u00f6ffnen KI-Tools f\u00fcr die fotografische Praxis? Wo liegen ihre Grenzen \u2013 technisch, \u00e4sthetisch, ethisch? Wie ver\u00e4ndert sich unser Verst\u00e4ndnis von Fotografie, wenn Bilder nicht mehr durch die Kamera entstehen, sondern durch Algorithmen?<\/p>\n\n\n\n<p>Diese Fragen besch\u00e4ftigen mich sowohl in meiner praktischen Arbeit als auch in der theoretischen Reflexion. Ich sehe KI nicht als Ersatz f\u00fcr fotografische Praxis, sondern als zus\u00e4tzliches Werkzeug, dessen Einsatz immer kritisch hinterfragt werden muss.<\/p>\n\n\n\n<p>Dar\u00fcber hinaus setze ich mich intensiv mit Fragen visueller Repr\u00e4sentation auseinander: Wie bilden wir Diversit\u00e4t ab? Welche Rolle spielen Gender, Alter, Herkunft in der Bildsprache? Wie k\u00f6nnen wir visuelle Stereotype bewusst aufbrechen?<\/p>\n\n\n\n<p><strong>Lehre und Vermittlung<\/strong><\/p>\n\n\n\n<p>Was mich neben der eigenen fotografischen Arbeit besonders erf\u00fcllt, ist die Vermittlung fotografischer Kompetenzen. In meiner T\u00e4tigkeit bei der Omnicom Media Group betreue ich kontinuierlich Praktikant*innen und studentische Hilfskr\u00e4fte und begleite sie auf ihrem Weg von den Grundlagen der Fotografie bis zur eigenst\u00e4ndigen konzeptionellen Arbeit.<\/p>\n\n\n\n<p>Der Austausch mit jungen Menschen, ihre frischen Perspektiven und die M\u00f6glichkeit, ihnen fundierte Grundlagen zu vermitteln, damit sie ihren eigenen fotografischen Weg finden k\u00f6nnen \u2013 das motiviert mich und treibt mich an.<\/p>\n\n\n\n<p><strong>Technische Expertise<\/strong><\/p>\n\n\n\n<ul class=\"wp-block-list\">\n<li>Fotografie: Konzeptentwicklung, digitale Workflows, Lichtf\u00fchrung, Bildkomposition<\/li>\n\n\n\n<li>Nachbearbeitung: Adobe Photoshop, Lightroom (sehr gute Kenntnisse)<\/li>\n\n\n\n<li>KI-Tools: Adobe Firefly, kritische Analyse und Implementierung<\/li>\n\n\n\n<li>Bildverwaltung: Aufbau und Management digitaler Bilddatenbanken<\/li>\n\n\n\n<li>Projektmanagement: Von Briefing \u00fcber Konzeption bis zur finalen Umsetzung<\/li>\n<\/ul>\n\n\n\n<p><strong>Ausbildung<\/strong><\/p>\n\n\n\n<ul class=\"wp-block-list\">\n<li>Bachelor of Arts Fotografie | Fachhochschule Dortmund (2007\u20132013) <span class=\"Apple-converted-space\">&nbsp;<\/span><\/li>\n\n\n\n<li>Diplom-Kauffrau (FH) | Hochschule Bremen (1996\u20132000) <span class=\"Apple-converted-space\">&nbsp;<\/span><\/li>\n\n\n\n<li>Dipl\u00f4me du CESEM M\u00e9diterran\u00e9e | KEDGE Business School Marseille<\/li>\n<\/ul>\n\n\n\n<p><strong>Wie kam ich zur Fotografie?<\/strong><\/p>\n\n\n\n<p>Geboren 1975 in Bremen, studierte ich in meinem &#8222;ersten Berufsleben&#8220; BWL und Internationales Management in Bremen und Marseille, Frankreich. Nach erfolgreichem Abschluss des Studiums arbeitete ich 6 Jahre als&nbsp; Kommunikations- und Mediaberaterin in verschiedenen grossen Agenturnetzwerken auf internationaler Ebene.&nbsp;In dieser Zeit sammelte ich wertvolle und detaillierte Erfahrungen sowohl in der visuellen Arbeit als auch in Bezug auf die Abl\u00e4ufe in der Werbe- und Marketingbranche.<br><br>Meine erste Kamera bekam ich schon w\u00e4hrend der Grundschulzeit, und w\u00e4hrend meiner Schulzeit in den 80er und 90er Jahren beobachtete ich mit Begeisterung die Mode und Werbefotografie von Richard Avedon, Herb Ritts und Irving Penn. W\u00e4hrend meiner Aufenthalte in Paris und Barcelona verbrachte ich jede freie Minute in Museen und Ausstellungen. Im Jahr 2007 entschloss ich mich dann endg\u00fcltig mich auch beruflich auf die Fotografie zu konzentrieren und bewarb mich erfolgreich f\u00fcr den Studiengang Fotografie an der FH Dortmund. Im Sommer 2013 beendete ich das Studium mit meiner Abschlussarbeit &#8222;Tannenb\u00e4r und Rasenspringer&#8220; in der ich mich intensiv mit der fotografischen Darstellung der kindlichen Fantasie auseinandersetzte. Bereits seit 2012 arbeite ich als freiberufliche Fotodesignerin.<br><\/p>\n","protected":false},"excerpt":{"rendered":"<p>Ich bin Fotografin mit Schwerpunkt Portr\u00e4t- und dokumentarische Fotografie. Nach meinem Studium der Fotografie an der FH Dortmund (B.A. 2013) arbeite ich seit \u00fcber zehn Jahren hauptberuflich in der fotografischen Praxis \u2013 sowohl freiberuflich als auch als Projektleiterin Fotografie bei der Omnicom Media Group, bei der ich den Bereich Fotografie f\u00fcr mehrere Agenturen aufgebaut habe. [&hellip;]<\/p>\n","protected":false},"author":1,"featured_media":1271,"parent":0,"menu_order":0,"comment_status":"closed","ping_status":"closed","template":"","meta":{"footnotes":""},"class_list":["post-5","page","type-page","status-publish","has-post-thumbnail","hentry"],"_links":{"self":[{"href":"http:\/\/brittawuerzburg.de\/index.php?rest_route=\/wp\/v2\/pages\/5","targetHints":{"allow":["GET"]}}],"collection":[{"href":"http:\/\/brittawuerzburg.de\/index.php?rest_route=\/wp\/v2\/pages"}],"about":[{"href":"http:\/\/brittawuerzburg.de\/index.php?rest_route=\/wp\/v2\/types\/page"}],"author":[{"embeddable":true,"href":"http:\/\/brittawuerzburg.de\/index.php?rest_route=\/wp\/v2\/users\/1"}],"replies":[{"embeddable":true,"href":"http:\/\/brittawuerzburg.de\/index.php?rest_route=%2Fwp%2Fv2%2Fcomments&post=5"}],"version-history":[{"count":36,"href":"http:\/\/brittawuerzburg.de\/index.php?rest_route=\/wp\/v2\/pages\/5\/revisions"}],"predecessor-version":[{"id":1554,"href":"http:\/\/brittawuerzburg.de\/index.php?rest_route=\/wp\/v2\/pages\/5\/revisions\/1554"}],"wp:featuredmedia":[{"embeddable":true,"href":"http:\/\/brittawuerzburg.de\/index.php?rest_route=\/wp\/v2\/media\/1271"}],"wp:attachment":[{"href":"http:\/\/brittawuerzburg.de\/index.php?rest_route=%2Fwp%2Fv2%2Fmedia&parent=5"}],"curies":[{"name":"wp","href":"https:\/\/api.w.org\/{rel}","templated":true}]}}