{"id":903,"date":"2014-03-25T14:04:28","date_gmt":"2014-03-25T13:04:28","guid":{"rendered":"http:\/\/brittawuerzburg.de\/?page_id=903"},"modified":"2025-11-27T17:12:31","modified_gmt":"2025-11-27T16:12:31","slug":"neuigkeiten","status":"publish","type":"page","link":"http:\/\/brittawuerzburg.de\/?page_id=903","title":{"rendered":"Neuigkeiten"},"content":{"rendered":"\n<p>Oktober 2025<\/p>\n\n\n\n<p>Einige meiner illustrativen Bilder sind auf der neuen Karriere-Seite der OMG Germany zu finden und ich finde es macht sehr viel aus, wenn es &#8222;echte authentische Bilder&#8220; sind und kein Stockmaterial oder KI- generierten Fotos.<\/p>\n\n\n\n<figure class=\"wp-block-image size-full is-resized\"><a href=\"http:\/\/brittawuerzburg.de\/wp-content\/uploads\/2025\/11\/Bildschirmfoto-2025-11-27-um-15.54.17.png\"><img decoding=\"async\" src=\"http:\/\/brittawuerzburg.de\/wp-content\/uploads\/2025\/11\/Bildschirmfoto-2025-11-27-um-15.54.17.png\" alt=\"\" class=\"wp-image-1562\" style=\"width:648px;height:auto\"\/><\/a><\/figure>\n\n\n\n<p><\/p>\n\n\n\n<p>\u00b0\u00b0\u00b0\u00b0\u00b0\u00b0\u00b0\u00b0<\/p>\n\n\n\n<p>M\u00e4rz 2025<\/p>\n\n\n\n<p>Mein Portr\u00e4t von Miriam Preiss in der Meldung der Horizont vom 27. M\u00e4rz 2025<\/p>\n\n\n\n<figure class=\"wp-block-image size-large is-resized\"><a href=\"https:\/\/brittawuerzburg.de\/wp-content\/uploads\/2025\/11\/Bildschirmfoto-2025-03-31-um-14.02.42.png\"><img loading=\"lazy\" decoding=\"async\" width=\"894\" height=\"1024\" src=\"https:\/\/brittawuerzburg.de\/wp-content\/uploads\/2025\/11\/Bildschirmfoto-2025-03-31-um-14.02.42-894x1024.png\" alt=\"\" class=\"wp-image-1563\" style=\"width:492px;height:auto\" srcset=\"http:\/\/brittawuerzburg.de\/wp-content\/uploads\/2025\/11\/Bildschirmfoto-2025-03-31-um-14.02.42-894x1024.png 894w, http:\/\/brittawuerzburg.de\/wp-content\/uploads\/2025\/11\/Bildschirmfoto-2025-03-31-um-14.02.42-262x300.png 262w, http:\/\/brittawuerzburg.de\/wp-content\/uploads\/2025\/11\/Bildschirmfoto-2025-03-31-um-14.02.42-768x880.png 768w, http:\/\/brittawuerzburg.de\/wp-content\/uploads\/2025\/11\/Bildschirmfoto-2025-03-31-um-14.02.42.png 975w\" sizes=\"auto, (max-width: 894px) 100vw, 894px\" \/><\/a><\/figure>\n\n\n\n<p><\/p>\n\n\n\n<p>\u00b0\u00b0\u00b0\u00b0\u00b0\u00b0<\/p>\n\n\n\n<p>August 2023<\/p>\n\n\n\n<p>Super stolz auf mein Portr\u00e4t in der Print-Ausgabe der Horizont vom 24. August 2023.<\/p>\n\n\n\n<figure class=\"wp-block-image size-large is-resized\"><a href=\"http:\/\/brittawuerzburg.de\/wp-content\/uploads\/2025\/11\/Bildschirmfoto-2025-11-26-um-17.20.10.png\"><img loading=\"lazy\" decoding=\"async\" width=\"1024\" height=\"964\" src=\"http:\/\/brittawuerzburg.de\/wp-content\/uploads\/2025\/11\/Bildschirmfoto-2025-11-26-um-17.20.10-1024x964.png\" alt=\"\" class=\"wp-image-1547\" style=\"width:634px;height:auto\" srcset=\"http:\/\/brittawuerzburg.de\/wp-content\/uploads\/2025\/11\/Bildschirmfoto-2025-11-26-um-17.20.10-1024x964.png 1024w, http:\/\/brittawuerzburg.de\/wp-content\/uploads\/2025\/11\/Bildschirmfoto-2025-11-26-um-17.20.10-300x282.png 300w, http:\/\/brittawuerzburg.de\/wp-content\/uploads\/2025\/11\/Bildschirmfoto-2025-11-26-um-17.20.10-768x723.png 768w, http:\/\/brittawuerzburg.de\/wp-content\/uploads\/2025\/11\/Bildschirmfoto-2025-11-26-um-17.20.10-1536x1446.png 1536w, http:\/\/brittawuerzburg.de\/wp-content\/uploads\/2025\/11\/Bildschirmfoto-2025-11-26-um-17.20.10-1360x1280.png 1360w, http:\/\/brittawuerzburg.de\/wp-content\/uploads\/2025\/11\/Bildschirmfoto-2025-11-26-um-17.20.10.png 2016w\" sizes=\"auto, (max-width: 1024px) 100vw, 1024px\" \/><\/a><\/figure>\n\n\n\n<p>\u00b0\u00b0\u00b0\u00b0\u00b0\u00b0\u00b0\u00b0\u00b0\u00b0<\/p>\n\n\n\n<p>Januar 2022<\/p>\n\n\n\n<p>Ich freue mich riesig \u00fcber die Ver\u00f6ffentlichung meines Portraits von Dominik auf der Webpage der Horizont am 13. Januar 2022.<\/p>\n\n\n\n<figure class=\"wp-block-image size-large is-resized\"><a href=\"http:\/\/brittawuerzburg.de\/wp-content\/uploads\/2025\/11\/Bildschirmfoto-2022-01-13-um-09.17.59.png\"><img loading=\"lazy\" decoding=\"async\" width=\"946\" height=\"1024\" src=\"http:\/\/brittawuerzburg.de\/wp-content\/uploads\/2025\/11\/Bildschirmfoto-2022-01-13-um-09.17.59-946x1024.png\" alt=\"\" class=\"wp-image-1545\" style=\"width:635px;height:auto\" srcset=\"http:\/\/brittawuerzburg.de\/wp-content\/uploads\/2025\/11\/Bildschirmfoto-2022-01-13-um-09.17.59-946x1024.png 946w, http:\/\/brittawuerzburg.de\/wp-content\/uploads\/2025\/11\/Bildschirmfoto-2022-01-13-um-09.17.59-277x300.png 277w, http:\/\/brittawuerzburg.de\/wp-content\/uploads\/2025\/11\/Bildschirmfoto-2022-01-13-um-09.17.59-768x831.png 768w, http:\/\/brittawuerzburg.de\/wp-content\/uploads\/2025\/11\/Bildschirmfoto-2022-01-13-um-09.17.59.png 980w\" sizes=\"auto, (max-width: 946px) 100vw, 946px\" \/><\/a><\/figure>\n\n\n\n<p><\/p>\n\n\n\n<p>\u00b0\u00b0\u00b0\u00b0\u00b0\u00b0\u00b0\u00b0\u00b0\u00b0<\/p>\n\n\n\n<figure class=\"wp-block-image\"><a href=\"http:\/\/brittawuerzburg.de\/?attachment_id=1213\" rel=\"attachment wp-att-1213\"><img loading=\"lazy\" decoding=\"async\" width=\"1024\" height=\"512\" src=\"http:\/\/brittawuerzburg.de\/wp-content\/uploads\/2019\/11\/Qnootsch_Flyer_Din_lang_plus_107x212_Vorderseite-1024x512.jpg\" alt=\"\" class=\"wp-image-1213\" srcset=\"http:\/\/brittawuerzburg.de\/wp-content\/uploads\/2019\/11\/Qnootsch_Flyer_Din_lang_plus_107x212_Vorderseite-1024x512.jpg 1024w, http:\/\/brittawuerzburg.de\/wp-content\/uploads\/2019\/11\/Qnootsch_Flyer_Din_lang_plus_107x212_Vorderseite-300x150.jpg 300w, http:\/\/brittawuerzburg.de\/wp-content\/uploads\/2019\/11\/Qnootsch_Flyer_Din_lang_plus_107x212_Vorderseite-768x384.jpg 768w, http:\/\/brittawuerzburg.de\/wp-content\/uploads\/2019\/11\/Qnootsch_Flyer_Din_lang_plus_107x212_Vorderseite-450x225.jpg 450w, http:\/\/brittawuerzburg.de\/wp-content\/uploads\/2019\/11\/Qnootsch_Flyer_Din_lang_plus_107x212_Vorderseite-600x300.jpg 600w\" sizes=\"auto, (max-width: 1024px) 100vw, 1024px\" \/><\/a><\/figure>\n\n\n\n<p>Dezember 2019<\/p>\n\n\n\n<p class=\"has-text-align-left\">Kommt vorbei zum Weihnachtsfotoshooting bei Qnootsch auf der Luegallee 43. Ich fotografiere Eure Kinder oder die ganze Familie. Zusammen mit MITTSU Accessory (MITTSU (<a href=\"https:\/\/www.facebook.com\/mittsu.accessory\/\">Mittsu.accessory)<\/a>&nbsp;&#8211; handgemachter Schmuck) sind wir am 22. und 23. November f\u00fcr euch da. Gern k\u00f6nnt ihr Shootingtermine per E-Mail bei mir reservieren (britta.wuerzburg@gmx.de). Ihr bekommt 2 Bilder als hochaufl\u00f6sendes JPG zum immer wieder ausdrucken f\u00fcr 35\u20ac.<\/p>\n\n\n\n<p>Wo: Qnootsch Family Concept Store, Luegallee 43, 40545 D\u00fcsseldorf<\/p>\n\n\n\n<p>Wann: 22. November 10 &#8211; 18:30 Uhr und 23. November 10 &#8211; 16 Uhr<\/p>\n\n\n\n<p>\u00b0\u00b0\u00b0\u00b0\u00b0\u00b0\u00b0\u00b0\u00b0\u00b0<\/p>\n\n\n\n<p>Dezember 2018<\/p>\n\n\n\n<p>Megastolz auf mein Portr\u00e4t von Paul Remitz, CEO OmnicomMediaGroup, erschienen im Rahmen eines Interview in der &#8222;Horizont&#8220; im Dezember 2018.<\/p>\n\n\n\n<figure class=\"wp-block-image\"><a href=\"http:\/\/brittawuerzburg.de\/?attachment_id=1207\" rel=\"attachment wp-att-1207\"><img loading=\"lazy\" decoding=\"async\" width=\"1024\" height=\"722\" src=\"http:\/\/brittawuerzburg.de\/wp-content\/uploads\/2019\/01\/Horizont-Artikel-Paul-Remitz-Dez-2018-1024x722.jpg\" alt=\"\" class=\"wp-image-1207\" srcset=\"http:\/\/brittawuerzburg.de\/wp-content\/uploads\/2019\/01\/Horizont-Artikel-Paul-Remitz-Dez-2018-1024x722.jpg 1024w, http:\/\/brittawuerzburg.de\/wp-content\/uploads\/2019\/01\/Horizont-Artikel-Paul-Remitz-Dez-2018-300x211.jpg 300w, http:\/\/brittawuerzburg.de\/wp-content\/uploads\/2019\/01\/Horizont-Artikel-Paul-Remitz-Dez-2018-768x541.jpg 768w, http:\/\/brittawuerzburg.de\/wp-content\/uploads\/2019\/01\/Horizont-Artikel-Paul-Remitz-Dez-2018-450x317.jpg 450w, http:\/\/brittawuerzburg.de\/wp-content\/uploads\/2019\/01\/Horizont-Artikel-Paul-Remitz-Dez-2018-600x423.jpg 600w\" sizes=\"auto, (max-width: 1024px) 100vw, 1024px\" \/><\/a><\/figure>\n\n\n\n<p><\/p>\n\n\n\n<p>\u00b0\u00b0\u00b0\u00b0\u00b0\u00b0\u00b0\u00b0\u00b0\u00b0<\/p>\n\n\n\n<p><strong>www.annalect.de<\/strong><\/p>\n\n\n\n<p>Meine Mitarbeiterportraits und illustrativen Bilder auf der Annalect.de Homepage<\/p>\n\n\n\n<figure class=\"wp-block-image\"><a href=\"http:\/\/brittawuerzburg.de\/?attachment_id=1208\" rel=\"attachment wp-att-1208\"><img loading=\"lazy\" decoding=\"async\" width=\"1007\" height=\"710\" src=\"http:\/\/brittawuerzburg.de\/wp-content\/uploads\/2019\/01\/Bildschirmfoto-2019-01-11-um-10.26.36.png\" alt=\"\" class=\"wp-image-1208\" srcset=\"http:\/\/brittawuerzburg.de\/wp-content\/uploads\/2019\/01\/Bildschirmfoto-2019-01-11-um-10.26.36.png 1007w, http:\/\/brittawuerzburg.de\/wp-content\/uploads\/2019\/01\/Bildschirmfoto-2019-01-11-um-10.26.36-300x212.png 300w, http:\/\/brittawuerzburg.de\/wp-content\/uploads\/2019\/01\/Bildschirmfoto-2019-01-11-um-10.26.36-768x541.png 768w, http:\/\/brittawuerzburg.de\/wp-content\/uploads\/2019\/01\/Bildschirmfoto-2019-01-11-um-10.26.36-450x317.png 450w, http:\/\/brittawuerzburg.de\/wp-content\/uploads\/2019\/01\/Bildschirmfoto-2019-01-11-um-10.26.36-600x423.png 600w\" sizes=\"auto, (max-width: 1007px) 100vw, 1007px\" \/><\/a><\/figure>\n\n\n\n<figure class=\"wp-block-image\"><img loading=\"lazy\" decoding=\"async\" width=\"1024\" height=\"820\" src=\"http:\/\/brittawuerzburg.de\/wp-content\/uploads\/2019\/01\/Bildschirmfoto-2019-01-11-um-10.30.30-1024x820.png\" alt=\"\" class=\"wp-image-1209\" srcset=\"http:\/\/brittawuerzburg.de\/wp-content\/uploads\/2019\/01\/Bildschirmfoto-2019-01-11-um-10.30.30-1024x820.png 1024w, http:\/\/brittawuerzburg.de\/wp-content\/uploads\/2019\/01\/Bildschirmfoto-2019-01-11-um-10.30.30-300x240.png 300w, http:\/\/brittawuerzburg.de\/wp-content\/uploads\/2019\/01\/Bildschirmfoto-2019-01-11-um-10.30.30-768x615.png 768w, http:\/\/brittawuerzburg.de\/wp-content\/uploads\/2019\/01\/Bildschirmfoto-2019-01-11-um-10.30.30-450x361.png 450w, http:\/\/brittawuerzburg.de\/wp-content\/uploads\/2019\/01\/Bildschirmfoto-2019-01-11-um-10.30.30-600x481.png 600w, http:\/\/brittawuerzburg.de\/wp-content\/uploads\/2019\/01\/Bildschirmfoto-2019-01-11-um-10.30.30.png 1222w\" sizes=\"auto, (max-width: 1024px) 100vw, 1024px\" \/><\/figure>\n\n\n\n<p><\/p>\n\n\n\n<p>\u00b0\u00b0\u00b0\u00b0\u00b0\u00b0\u00b0\u00b0\u00b0\u00b0<\/p>\n\n\n\n<p><strong>Weihnachtsfotoshooting im Wundervoll Store Oberkassel<\/strong><\/p>\n\n\n\n<p>Am 1. Advent (2.12.) freue ich mich auf Euren Besuch und die Teilnahme am Weihnachtsfotoshooting, das zusammen mit einer Verkaufsausstellung von MITTSU (<a href=\"https:\/\/www.facebook.com\/mittsu.accessory\/\">Mittsu.accessory)<\/a>&nbsp;im Wundervoll, Oberkassel stattfindet. Ich fotografiere eure Kinder oder die ganze Familie vor weihnachtlicher Kulisse mit verschiedenen Hintergr\u00fcnden von Tannenbaum und Holzstern bis Glitzer, Gold und Kunstschnee. Ihr bekommt von mir 2 bearbeitete Bilder f\u00fcr 30 \u20ac nach dem Shooting per Mail zugeschickt. Wenn ihr Fragen habt, oder einen Termin reservieren m\u00f6chtet, meldet Euch gern bei mir (britta.wuerzburg@gmx.de).<\/p>\n\n\n\n<p>Das Shooting findet in ausgelassener Atmosph\u00e4re am verkaufsoffenen Sonntag im Wundervoll Oberkassel statt. <a href=\"https:\/\/www.wundervoll.store\">Wundervoll<\/a>,&nbsp;Luegalle 5, 40545 D\u00fcsseldorf.<\/p>\n\n\n\n<p>Ich freue mich auf euch!<\/p>\n\n\n<div class=\"wp-block-image\">\n<figure class=\"alignleft\"><a href=\"http:\/\/brittawuerzburg.de\/?attachment_id=1196\" rel=\"attachment wp-att-1196\"><img loading=\"lazy\" decoding=\"async\" width=\"1024\" height=\"512\" src=\"http:\/\/brittawuerzburg.de\/wp-content\/uploads\/2018\/11\/Mitsu-und-Britta-Flyer-final_107x212-Din-lang-1024x512.jpg\" alt=\"\" class=\"wp-image-1196\" srcset=\"http:\/\/brittawuerzburg.de\/wp-content\/uploads\/2018\/11\/Mitsu-und-Britta-Flyer-final_107x212-Din-lang-1024x512.jpg 1024w, http:\/\/brittawuerzburg.de\/wp-content\/uploads\/2018\/11\/Mitsu-und-Britta-Flyer-final_107x212-Din-lang-300x150.jpg 300w, http:\/\/brittawuerzburg.de\/wp-content\/uploads\/2018\/11\/Mitsu-und-Britta-Flyer-final_107x212-Din-lang-768x384.jpg 768w, http:\/\/brittawuerzburg.de\/wp-content\/uploads\/2018\/11\/Mitsu-und-Britta-Flyer-final_107x212-Din-lang-450x225.jpg 450w, http:\/\/brittawuerzburg.de\/wp-content\/uploads\/2018\/11\/Mitsu-und-Britta-Flyer-final_107x212-Din-lang-600x300.jpg 600w\" sizes=\"auto, (max-width: 1024px) 100vw, 1024px\" \/><\/a><\/figure><\/div>\n\n\n<p><\/p>\n\n\n\n<p>\u00b0\u00b0\u00b0\u00b0\u00b0\u00b0\u00b0\u00b0\u00b0\u00b0<\/p>\n\n\n\n<p>Mein Foto als Header auf der OmnicomMediaGroup Homepage!:<\/p>\n\n\n<div class=\"wp-block-image\">\n<figure class=\"alignleft\"><a href=\"http:\/\/brittawuerzburg.de\/?attachment_id=1192\" rel=\"attachment wp-att-1192\"><img loading=\"lazy\" decoding=\"async\" width=\"1024\" height=\"624\" src=\"http:\/\/brittawuerzburg.de\/wp-content\/uploads\/2018\/11\/Bildschirmfoto-2018-11-20-um-10.29.42-1024x624.png\" alt=\"\" class=\"wp-image-1192\" srcset=\"http:\/\/brittawuerzburg.de\/wp-content\/uploads\/2018\/11\/Bildschirmfoto-2018-11-20-um-10.29.42-1024x624.png 1024w, http:\/\/brittawuerzburg.de\/wp-content\/uploads\/2018\/11\/Bildschirmfoto-2018-11-20-um-10.29.42-300x183.png 300w, http:\/\/brittawuerzburg.de\/wp-content\/uploads\/2018\/11\/Bildschirmfoto-2018-11-20-um-10.29.42-768x468.png 768w, http:\/\/brittawuerzburg.de\/wp-content\/uploads\/2018\/11\/Bildschirmfoto-2018-11-20-um-10.29.42-450x274.png 450w, http:\/\/brittawuerzburg.de\/wp-content\/uploads\/2018\/11\/Bildschirmfoto-2018-11-20-um-10.29.42-600x366.png 600w, http:\/\/brittawuerzburg.de\/wp-content\/uploads\/2018\/11\/Bildschirmfoto-2018-11-20-um-10.29.42.png 1326w\" sizes=\"auto, (max-width: 1024px) 100vw, 1024px\" \/><\/a><\/figure><\/div>\n\n\n<p><\/p>\n\n\n\n<p>\u00b0\u00b0\u00b0\u00b0\u00b0\u00b0\u00b0\u00b0\u00b0\u00b0<\/p>\n\n\n\n<p>Ich freue mich total \u00fcber das Erscheinen meiner Portraits von Andr\u00e9 Rahn und Florian Adamski in der W&amp;V&nbsp;und auf der Horizont Homepage!<\/p>\n\n\n<div class=\"wp-block-image\">\n<figure class=\"aligncenter\"><a href=\"http:\/\/brittawuerzburg.de\/?attachment_id=1103\" rel=\"attachment wp-att-1103\"><img loading=\"lazy\" decoding=\"async\" width=\"1281\" height=\"1737\" src=\"http:\/\/brittawuerzburg.de\/wp-content\/uploads\/2014\/03\/w_v_e_paper_ausgabe_09_2017-andre-und-flo-1.jpg\" alt=\"\" class=\"wp-image-1103\" srcset=\"http:\/\/brittawuerzburg.de\/wp-content\/uploads\/2014\/03\/w_v_e_paper_ausgabe_09_2017-andre-und-flo-1.jpg 1281w, http:\/\/brittawuerzburg.de\/wp-content\/uploads\/2014\/03\/w_v_e_paper_ausgabe_09_2017-andre-und-flo-1-221x300.jpg 221w, http:\/\/brittawuerzburg.de\/wp-content\/uploads\/2014\/03\/w_v_e_paper_ausgabe_09_2017-andre-und-flo-1-768x1041.jpg 768w, http:\/\/brittawuerzburg.de\/wp-content\/uploads\/2014\/03\/w_v_e_paper_ausgabe_09_2017-andre-und-flo-1-755x1024.jpg 755w, http:\/\/brittawuerzburg.de\/wp-content\/uploads\/2014\/03\/w_v_e_paper_ausgabe_09_2017-andre-und-flo-1-450x610.jpg 450w, http:\/\/brittawuerzburg.de\/wp-content\/uploads\/2014\/03\/w_v_e_paper_ausgabe_09_2017-andre-und-flo-1-600x814.jpg 600w\" sizes=\"auto, (max-width: 1281px) 100vw, 1281px\" \/><\/a><\/figure><\/div>\n\n<div class=\"wp-block-image\">\n<figure class=\"aligncenter\"><a href=\"http:\/\/brittawuerzburg.de\/?attachment_id=1104\" rel=\"attachment wp-att-1104\"><img loading=\"lazy\" decoding=\"async\" width=\"957\" height=\"909\" src=\"http:\/\/brittawuerzburg.de\/wp-content\/uploads\/2014\/03\/Bildschirmfoto-2017-03-03-um-14.29.21.png\" alt=\"\" class=\"wp-image-1104\" srcset=\"http:\/\/brittawuerzburg.de\/wp-content\/uploads\/2014\/03\/Bildschirmfoto-2017-03-03-um-14.29.21.png 957w, http:\/\/brittawuerzburg.de\/wp-content\/uploads\/2014\/03\/Bildschirmfoto-2017-03-03-um-14.29.21-300x285.png 300w, http:\/\/brittawuerzburg.de\/wp-content\/uploads\/2014\/03\/Bildschirmfoto-2017-03-03-um-14.29.21-768x729.png 768w, http:\/\/brittawuerzburg.de\/wp-content\/uploads\/2014\/03\/Bildschirmfoto-2017-03-03-um-14.29.21-450x427.png 450w, http:\/\/brittawuerzburg.de\/wp-content\/uploads\/2014\/03\/Bildschirmfoto-2017-03-03-um-14.29.21-600x570.png 600w\" sizes=\"auto, (max-width: 957px) 100vw, 957px\" \/><\/a><\/figure><\/div>\n\n\n<p><\/p>\n\n\n\n<p>\u00b0\u00b0\u00b0\u00b0\u00b0\u00b0\u00b0\u00b0\u00b0\u00b0<\/p>\n\n\n\n<p><strong>Das beste Geschenk zu Weihnachten sind sch\u00f6ne Fotos!&nbsp;Fotoshootings f\u00fcr Familien und Kinder<\/strong><\/p>\n\n\n\n<p>Zus\u00e4tzlich zu meinen Fotoshootings zu Hause oder draussen im Freien biete ich dieses Jahr in der Vorweihnachtszeit Fotoshootings in einem kleinen Studio im Laden&nbsp;stuf|f in D\u00fcsseldorf Flingern an. Ich freue mich auf Euch!<\/p>\n\n\n<div class=\"wp-block-image\">\n<figure class=\"aligncenter\"><a href=\"http:\/\/brittawuerzburg.de\/?attachment_id=1081\" rel=\"attachment wp-att-1076\"><img loading=\"lazy\" decoding=\"async\" width=\"1024\" height=\"725\" src=\"http:\/\/brittawuerzburg.de\/wp-content\/uploads\/2014\/03\/Xmas-shooting-version-18-Nov-2016-1024x725.jpg\" alt=\"\" class=\"wp-image-1081\" srcset=\"http:\/\/brittawuerzburg.de\/wp-content\/uploads\/2014\/03\/Xmas-shooting-version-18-Nov-2016-1024x725.jpg 1024w, http:\/\/brittawuerzburg.de\/wp-content\/uploads\/2014\/03\/Xmas-shooting-version-18-Nov-2016-300x212.jpg 300w, http:\/\/brittawuerzburg.de\/wp-content\/uploads\/2014\/03\/Xmas-shooting-version-18-Nov-2016-768x543.jpg 768w, http:\/\/brittawuerzburg.de\/wp-content\/uploads\/2014\/03\/Xmas-shooting-version-18-Nov-2016-450x318.jpg 450w, http:\/\/brittawuerzburg.de\/wp-content\/uploads\/2014\/03\/Xmas-shooting-version-18-Nov-2016-600x425.jpg 600w, http:\/\/brittawuerzburg.de\/wp-content\/uploads\/2014\/03\/Xmas-shooting-version-18-Nov-2016.jpg 1754w\" sizes=\"auto, (max-width: 1024px) 100vw, 1024px\" \/><\/a><\/figure><\/div>\n\n\n<p><\/p>\n\n\n\n<p>\u00b0\u00b0\u00b0\u00b0\u00b0\u00b0\u00b0\u00b0\u00b0\u00b0<\/p>\n\n\n\n<p><strong>Product photos f\u00fcr den Online-Shop von stuf|f &#8211;&nbsp;Concept Store &nbsp;in D\u00fcsseldorf Fingern<\/strong><\/p>\n\n\n\n<p>Viel Stolz und Freude \u00fcber meinen fotografischen Beitrag zur Homepage und zum Online Shop von&nbsp;<strong>stuf|f <\/strong>!<\/p>\n\n\n<div class=\"wp-block-image\">\n<figure class=\"aligncenter\"><a href=\"http:\/\/brittawuerzburg.de\/?attachment_id=1063\" rel=\"attachment wp-att-1063\"><img loading=\"lazy\" decoding=\"async\" width=\"1024\" height=\"820\" src=\"http:\/\/brittawuerzburg.de\/wp-content\/uploads\/2014\/03\/Bildschirmfoto-2016-06-25-um-17.56.58-1024x820.png\" alt=\"Bildschirmfoto 2016-06-25 um 17.56.58\" class=\"wp-image-1063\" srcset=\"http:\/\/brittawuerzburg.de\/wp-content\/uploads\/2014\/03\/Bildschirmfoto-2016-06-25-um-17.56.58-1024x820.png 1024w, http:\/\/brittawuerzburg.de\/wp-content\/uploads\/2014\/03\/Bildschirmfoto-2016-06-25-um-17.56.58-300x240.png 300w, http:\/\/brittawuerzburg.de\/wp-content\/uploads\/2014\/03\/Bildschirmfoto-2016-06-25-um-17.56.58-768x615.png 768w, http:\/\/brittawuerzburg.de\/wp-content\/uploads\/2014\/03\/Bildschirmfoto-2016-06-25-um-17.56.58-450x360.png 450w, http:\/\/brittawuerzburg.de\/wp-content\/uploads\/2014\/03\/Bildschirmfoto-2016-06-25-um-17.56.58-600x480.png 600w, http:\/\/brittawuerzburg.de\/wp-content\/uploads\/2014\/03\/Bildschirmfoto-2016-06-25-um-17.56.58.png 1123w\" sizes=\"auto, (max-width: 1024px) 100vw, 1024px\" \/><\/a><\/figure><\/div>\n\n\n<p><\/p>\n\n\n\n<p><a href=\"http:\/\/www.stuf-f.com\">http:\/\/www.stuf-f.com<\/a><\/p>\n\n\n\n<p>\u00b0\u00b0\u00b0\u00b0\u00b0\u00b0\u00b0\u00b0\u00b0\u00b0<\/p>\n\n\n\n<p><strong>Out-of-Home Kampagne in D\u00fcsseldorf mit meinen Bildern<\/strong>:<\/p>\n\n\n\n<p>Im Februar 2015 hingen&nbsp;die Plakate der Arbeitgeberkampagne von OMD mit den von mir fotografierten Motiven der Stellenanzeigenkampagne. Nach Hamburg auch in D\u00fcsseldorf rund um die Konkurrenzagenturen von OMD.<\/p>\n\n\n<div class=\"wp-block-image\">\n<figure class=\"alignleft\"><img loading=\"lazy\" decoding=\"async\" width=\"209\" height=\"300\" src=\"http:\/\/brittawuerzburg.de\/wp-content\/uploads\/2015\/03\/MG_6422-209x300.jpg\" alt=\"_MG_6422\" class=\"wp-image-974\" srcset=\"http:\/\/brittawuerzburg.de\/wp-content\/uploads\/2015\/03\/MG_6422-209x300.jpg 209w, http:\/\/brittawuerzburg.de\/wp-content\/uploads\/2015\/03\/MG_6422.jpg 698w\" sizes=\"auto, (max-width: 209px) 100vw, 209px\" \/><\/figure><\/div>\n\n\n<p><\/p>\n\n\n<div class=\"wp-block-image\">\n<figure class=\"alignleft\"><img loading=\"lazy\" decoding=\"async\" width=\"200\" height=\"300\" src=\"http:\/\/brittawuerzburg.de\/wp-content\/uploads\/2015\/03\/MG_6412-200x300.jpg\" alt=\"_MG_6412\" class=\"wp-image-973\" srcset=\"http:\/\/brittawuerzburg.de\/wp-content\/uploads\/2015\/03\/MG_6412-200x300.jpg 200w, http:\/\/brittawuerzburg.de\/wp-content\/uploads\/2015\/03\/MG_6412.jpg 667w\" sizes=\"auto, (max-width: 200px) 100vw, 200px\" \/><\/figure><\/div>\n\n\n<p><\/p>\n\n\n\n<p>\u00b0\u00b0\u00b0\u00b0\u00b0\u00b0\u00b0\u00b0\u00b0\u00b0<\/p>\n\n\n\n<p>Die neuen<strong> Stellenanzeigenmotive der Omnicom Media Group<\/strong> <strong>mit von mir fotografierten Portraits<\/strong> von Mitarbeitern&nbsp;sind fertig und werden ab sofort auf Jobportalen geschaltet. Ausserdem ist das neue Karriereportal der Omnicom Media Group online und ich bin sehr happy&nbsp;die Fotografien beigesteuert zu haben!<\/p>\n\n\n\n<p><a href=\"http:\/\/www.media-karriere.de\" target=\"_blank\" rel=\"noopener noreferrer\">www.media-karriere.de<\/a><\/p>\n\n\n<div class=\"wp-block-image\">\n<figure class=\"alignleft\"><img loading=\"lazy\" decoding=\"async\" width=\"300\" height=\"222\" src=\"http:\/\/brittawuerzburg.de\/wp-content\/uploads\/2014\/03\/F_Stellenanzeigen_12-300x222.jpg\" alt=\"F_Stellenanzeigen_12\" class=\"wp-image-978\" srcset=\"http:\/\/brittawuerzburg.de\/wp-content\/uploads\/2014\/03\/F_Stellenanzeigen_12-300x222.jpg 300w, http:\/\/brittawuerzburg.de\/wp-content\/uploads\/2014\/03\/F_Stellenanzeigen_12-1024x758.jpg 1024w, http:\/\/brittawuerzburg.de\/wp-content\/uploads\/2014\/03\/F_Stellenanzeigen_12.jpg 1200w\" sizes=\"auto, (max-width: 300px) 100vw, 300px\" \/><\/figure><\/div>\n\n\n<figure class=\"wp-block-image\"><a href=\"http:\/\/brittawuerzburg.de\/wp-content\/uploads\/2014\/03\/B_Stellenanzeigen_Preview-13.jpg\"><img loading=\"lazy\" decoding=\"async\" width=\"300\" height=\"222\" src=\"http:\/\/brittawuerzburg.de\/wp-content\/uploads\/2014\/03\/B_Stellenanzeigen_Preview-13-300x222.jpg\" alt=\"B_Stellenanzeigen_Preview 13\" class=\"wp-image-977\" srcset=\"http:\/\/brittawuerzburg.de\/wp-content\/uploads\/2014\/03\/B_Stellenanzeigen_Preview-13-300x222.jpg 300w, http:\/\/brittawuerzburg.de\/wp-content\/uploads\/2014\/03\/B_Stellenanzeigen_Preview-13-1024x758.jpg 1024w, http:\/\/brittawuerzburg.de\/wp-content\/uploads\/2014\/03\/B_Stellenanzeigen_Preview-13.jpg 1200w\" sizes=\"auto, (max-width: 300px) 100vw, 300px\" \/><\/a><\/figure>\n\n\n\n<p><\/p>\n\n\n<div class=\"wp-block-image\">\n<figure class=\"alignleft\"><a href=\"http:\/\/brittawuerzburg.de\/?attachment_id=980\" rel=\"attachment wp-att-980\"><img loading=\"lazy\" decoding=\"async\" width=\"1024\" height=\"758\" src=\"http:\/\/brittawuerzburg.de\/wp-content\/uploads\/2014\/03\/Patricia_Stellenanzeigen_10-1024x758.jpg\" alt=\"\" class=\"wp-image-980\" srcset=\"http:\/\/brittawuerzburg.de\/wp-content\/uploads\/2014\/03\/Patricia_Stellenanzeigen_10-1024x758.jpg 1024w, http:\/\/brittawuerzburg.de\/wp-content\/uploads\/2014\/03\/Patricia_Stellenanzeigen_10-300x222.jpg 300w, http:\/\/brittawuerzburg.de\/wp-content\/uploads\/2014\/03\/Patricia_Stellenanzeigen_10.jpg 1200w\" sizes=\"auto, (max-width: 1024px) 100vw, 1024px\" \/><\/a><\/figure><\/div>\n\n\n<p><\/p>\n\n\n\n<figure class=\"wp-block-image\"><a href=\"http:\/\/brittawuerzburg.de\/wp-content\/uploads\/2014\/03\/F_Stellenanzeigen_12.jpg\"><img loading=\"lazy\" decoding=\"async\" width=\"300\" height=\"222\" src=\"http:\/\/brittawuerzburg.de\/wp-content\/uploads\/2014\/03\/Janina-Stellenanzeigen-300x222.jpg\" alt=\"Janina-Stellenanzeigen\" class=\"wp-image-979\" srcset=\"http:\/\/brittawuerzburg.de\/wp-content\/uploads\/2014\/03\/Janina-Stellenanzeigen-300x222.jpg 300w, http:\/\/brittawuerzburg.de\/wp-content\/uploads\/2014\/03\/Janina-Stellenanzeigen-1024x758.jpg 1024w, http:\/\/brittawuerzburg.de\/wp-content\/uploads\/2014\/03\/Janina-Stellenanzeigen.jpg 1200w\" sizes=\"auto, (max-width: 300px) 100vw, 300px\" \/><\/a><\/figure>\n\n\n\n<p><\/p>\n\n\n\n<p>\u00b0\u00b0\u00b0\u00b0\u00b0\u00b0\u00b0\u00b0\u00b0\u00b0<\/p>\n\n\n\n<p>DAS FLUSSARCHIV&nbsp;&#8211; Aussstellung im Museum f\u00fcr Kunst und Kulturgeschichte in Dortmund<\/p>\n\n\n\n<p><strong>Meine Arbeit &#8222;Stille Wasser&#8220; ist Teil der Ausstellung.<\/strong><\/p>\n\n\n\n<p>Am vergangen freitag, den 21. M\u00e4rz wurde die Ausstellung DAS FLUSSARCHIV feierlich er\u00f6ffnet und ich war nat\u00fcrlich dabei. Ich war so stolz meine Bilder dort zu sehen. Die Ausstellung l\u00e4uft noch bis zum 1. Juni.<\/p>\n\n\n\n<p>Infos unter: <a href=\"http:\/\/www.dortmund.de\/mkk\">www.dortmund.de\/mkk<\/a><\/p>\n\n\n<div class=\"wp-block-image\">\n<figure class=\"alignleft\"><a href=\"http:\/\/brittawuerzburg.de\/wp-content\/uploads\/2014\/03\/MG_7419.jpg\"><img loading=\"lazy\" decoding=\"async\" width=\"300\" height=\"217\" src=\"http:\/\/brittawuerzburg.de\/wp-content\/uploads\/2014\/03\/MG_7419-300x217.jpg\" alt=\"_MG_7419\" class=\"wp-image-905\" srcset=\"http:\/\/brittawuerzburg.de\/wp-content\/uploads\/2014\/03\/MG_7419-300x217.jpg 300w, http:\/\/brittawuerzburg.de\/wp-content\/uploads\/2014\/03\/MG_7419-1024x741.jpg 1024w, http:\/\/brittawuerzburg.de\/wp-content\/uploads\/2014\/03\/MG_7419.jpg 1417w\" sizes=\"auto, (max-width: 300px) 100vw, 300px\" \/><\/a><\/figure><\/div>\n\n\n<p><\/p>\n","protected":false},"excerpt":{"rendered":"<p>Oktober 2025 Einige meiner illustrativen Bilder sind auf der neuen Karriere-Seite der OMG Germany zu finden und ich finde es macht sehr viel aus, wenn es &#8222;echte authentische Bilder&#8220; sind und kein Stockmaterial oder KI- generierten Fotos. \u00b0\u00b0\u00b0\u00b0\u00b0\u00b0\u00b0\u00b0 M\u00e4rz 2025 Mein Portr\u00e4t von Miriam Preiss in der Meldung der Horizont vom 27. M\u00e4rz 2025 \u00b0\u00b0\u00b0\u00b0\u00b0\u00b0 [&hellip;]<\/p>\n","protected":false},"author":1,"featured_media":0,"parent":0,"menu_order":0,"comment_status":"open","ping_status":"open","template":"","meta":{"footnotes":""},"class_list":["post-903","page","type-page","status-publish","hentry"],"_links":{"self":[{"href":"http:\/\/brittawuerzburg.de\/index.php?rest_route=\/wp\/v2\/pages\/903","targetHints":{"allow":["GET"]}}],"collection":[{"href":"http:\/\/brittawuerzburg.de\/index.php?rest_route=\/wp\/v2\/pages"}],"about":[{"href":"http:\/\/brittawuerzburg.de\/index.php?rest_route=\/wp\/v2\/types\/page"}],"author":[{"embeddable":true,"href":"http:\/\/brittawuerzburg.de\/index.php?rest_route=\/wp\/v2\/users\/1"}],"replies":[{"embeddable":true,"href":"http:\/\/brittawuerzburg.de\/index.php?rest_route=%2Fwp%2Fv2%2Fcomments&post=903"}],"version-history":[{"count":33,"href":"http:\/\/brittawuerzburg.de\/index.php?rest_route=\/wp\/v2\/pages\/903\/revisions"}],"predecessor-version":[{"id":1565,"href":"http:\/\/brittawuerzburg.de\/index.php?rest_route=\/wp\/v2\/pages\/903\/revisions\/1565"}],"wp:attachment":[{"href":"http:\/\/brittawuerzburg.de\/index.php?rest_route=%2Fwp%2Fv2%2Fmedia&parent=903"}],"curies":[{"name":"wp","href":"https:\/\/api.w.org\/{rel}","templated":true}]}}